{"id":158,"date":"2016-03-27T11:38:54","date_gmt":"2016-03-27T10:38:54","guid":{"rendered":"http:\/\/prace.petrpojer.cz\/lsabazar\/?page_id=158"},"modified":"2018-07-31T21:03:15","modified_gmt":"2018-07-31T20:03:15","slug":"vyhledat","status":"publish","type":"page","link":"https:\/\/www.letemsvetemapplem.eu\/bazar\/vyhledat\/","title":{"rendered":"Vyhledat"},"content":{"rendered":"","protected":false},"excerpt":{"rendered":"","protected":false},"author":1,"featured_media":0,"parent":0,"menu_order":0,"comment_status":"closed","ping_status":"closed","template":"pages\/page-filter.php","meta":{"footnotes":""},"class_list":["post-158","page","type-page","status-publish","hentry"],"yoast_head":"<!-- This site is optimized with the Yoast SEO plugin v27.2 - https:\/\/yoast.com\/product\/yoast-seo-wordpress\/ -->\n<title>Vyhledat - Apple bazar<\/title>\n<meta name=\"description\" content=\"Str\u00e1nka nazvan\u00e1 Vyhledat slou\u017e\u00ed k vyhled\u00e1v\u00e1n\u00ed v\u00e1mi po\u017eadovan\u00e9ho inzer\u00e1tu na Apple Bazar \u010deskoslovensk\u00e9ho magaz\u00ednu Letem sv\u011btem Applem.\" \/>\n<meta name=\"robots\" content=\"index, follow, max-snippet:-1, max-image-preview:large, max-video-preview:-1\" \/>\n<link rel=\"canonical\" href=\"https:\/\/www.letemsvetemapplem.eu\/bazar\/vyhledat\/\" \/>\n<meta property=\"og:locale\" content=\"cs_CZ\" \/>\n<meta property=\"og:type\" content=\"article\" \/>\n<meta property=\"og:title\" content=\"Vyhledat - Apple bazar\" \/>\n<meta property=\"og:description\" content=\"Str\u00e1nka nazvan\u00e1 Vyhledat slou\u017e\u00ed k vyhled\u00e1v\u00e1n\u00ed v\u00e1mi po\u017eadovan\u00e9ho inzer\u00e1tu na Apple Bazar \u010deskoslovensk\u00e9ho magaz\u00ednu Letem sv\u011btem Applem.\" \/>\n<meta property=\"og:url\" content=\"https:\/\/www.letemsvetemapplem.eu\/bazar\/vyhledat\/\" \/>\n<meta property=\"og:site_name\" content=\"Apple bazar\" \/>\n<meta property=\"article:modified_time\" content=\"2018-07-31T20:03:15+00:00\" \/>\n<meta name=\"twitter:card\" content=\"summary_large_image\" \/>\n<script type=\"application\/ld+json\" class=\"yoast-schema-graph\">{\"@context\":\"https:\/\/schema.org\",\"@graph\":[{\"@type\":\"WebPage\",\"@id\":\"https:\/\/www.letemsvetemapplem.eu\/bazar\/vyhledat\/\",\"url\":\"https:\/\/www.letemsvetemapplem.eu\/bazar\/vyhledat\/\",\"name\":\"Vyhledat - Apple bazar\",\"isPartOf\":{\"@id\":\"https:\/\/www.letemsvetemapplem.eu\/bazar\/#website\"},\"datePublished\":\"2016-03-27T10:38:54+00:00\",\"dateModified\":\"2018-07-31T20:03:15+00:00\",\"description\":\"Str\u00e1nka nazvan\u00e1 Vyhledat slou\u017e\u00ed k vyhled\u00e1v\u00e1n\u00ed v\u00e1mi po\u017eadovan\u00e9ho inzer\u00e1tu na Apple Bazar \u010deskoslovensk\u00e9ho magaz\u00ednu Letem sv\u011btem Applem.\",\"breadcrumb\":{\"@id\":\"https:\/\/www.letemsvetemapplem.eu\/bazar\/vyhledat\/#breadcrumb\"},\"inLanguage\":\"cs\",\"potentialAction\":[{\"@type\":\"ReadAction\",\"target\":[\"https:\/\/www.letemsvetemapplem.eu\/bazar\/vyhledat\/\"]}]},{\"@type\":\"BreadcrumbList\",\"@id\":\"https:\/\/www.letemsvetemapplem.eu\/bazar\/vyhledat\/#breadcrumb\",\"itemListElement\":[{\"@type\":\"ListItem\",\"position\":1,\"name\":\"Apple Bazar\",\"item\":\"https:\/\/www.letemsvetemapplem.eu\/bazar\/\"},{\"@type\":\"ListItem\",\"position\":2,\"name\":\"Vyhledat\"}]},{\"@type\":\"WebSite\",\"@id\":\"https:\/\/www.letemsvetemapplem.eu\/bazar\/#website\",\"url\":\"https:\/\/www.letemsvetemapplem.eu\/bazar\/\",\"name\":\"Apple bazar\",\"description\":\"Oou\u017eit\u00e9 Apple produkty za skv\u011bl\u00e9 ceny\",\"potentialAction\":[{\"@type\":\"SearchAction\",\"target\":{\"@type\":\"EntryPoint\",\"urlTemplate\":\"https:\/\/www.letemsvetemapplem.eu\/bazar\/?s={search_term_string}\"},\"query-input\":{\"@type\":\"PropertyValueSpecification\",\"valueRequired\":true,\"valueName\":\"search_term_string\"}}],\"inLanguage\":\"cs\"}]}<\/script>\n<!-- \/ Yoast SEO plugin. -->","yoast_head_json":{"title":"Vyhledat - Apple bazar","description":"Str\u00e1nka nazvan\u00e1 Vyhledat slou\u017e\u00ed k vyhled\u00e1v\u00e1n\u00ed v\u00e1mi po\u017eadovan\u00e9ho inzer\u00e1tu na Apple Bazar \u010deskoslovensk\u00e9ho magaz\u00ednu Letem sv\u011btem Applem.","robots":{"index":"index","follow":"follow","max-snippet":"max-snippet:-1","max-image-preview":"max-image-preview:large","max-video-preview":"max-video-preview:-1"},"canonical":"https:\/\/www.letemsvetemapplem.eu\/bazar\/vyhledat\/","og_locale":"cs_CZ","og_type":"article","og_title":"Vyhledat - Apple bazar","og_description":"Str\u00e1nka nazvan\u00e1 Vyhledat slou\u017e\u00ed k vyhled\u00e1v\u00e1n\u00ed v\u00e1mi po\u017eadovan\u00e9ho inzer\u00e1tu na Apple Bazar \u010deskoslovensk\u00e9ho magaz\u00ednu Letem sv\u011btem Applem.","og_url":"https:\/\/www.letemsvetemapplem.eu\/bazar\/vyhledat\/","og_site_name":"Apple bazar","article_modified_time":"2018-07-31T20:03:15+00:00","twitter_card":"summary_large_image","schema":{"@context":"https:\/\/schema.org","@graph":[{"@type":"WebPage","@id":"https:\/\/www.letemsvetemapplem.eu\/bazar\/vyhledat\/","url":"https:\/\/www.letemsvetemapplem.eu\/bazar\/vyhledat\/","name":"Vyhledat - Apple bazar","isPartOf":{"@id":"https:\/\/www.letemsvetemapplem.eu\/bazar\/#website"},"datePublished":"2016-03-27T10:38:54+00:00","dateModified":"2018-07-31T20:03:15+00:00","description":"Str\u00e1nka nazvan\u00e1 Vyhledat slou\u017e\u00ed k vyhled\u00e1v\u00e1n\u00ed v\u00e1mi po\u017eadovan\u00e9ho inzer\u00e1tu na Apple Bazar \u010deskoslovensk\u00e9ho magaz\u00ednu Letem sv\u011btem Applem.","breadcrumb":{"@id":"https:\/\/www.letemsvetemapplem.eu\/bazar\/vyhledat\/#breadcrumb"},"inLanguage":"cs","potentialAction":[{"@type":"ReadAction","target":["https:\/\/www.letemsvetemapplem.eu\/bazar\/vyhledat\/"]}]},{"@type":"BreadcrumbList","@id":"https:\/\/www.letemsvetemapplem.eu\/bazar\/vyhledat\/#breadcrumb","itemListElement":[{"@type":"ListItem","position":1,"name":"Apple Bazar","item":"https:\/\/www.letemsvetemapplem.eu\/bazar\/"},{"@type":"ListItem","position":2,"name":"Vyhledat"}]},{"@type":"WebSite","@id":"https:\/\/www.letemsvetemapplem.eu\/bazar\/#website","url":"https:\/\/www.letemsvetemapplem.eu\/bazar\/","name":"Apple bazar","description":"Oou\u017eit\u00e9 Apple produkty za skv\u011bl\u00e9 ceny","potentialAction":[{"@type":"SearchAction","target":{"@type":"EntryPoint","urlTemplate":"https:\/\/www.letemsvetemapplem.eu\/bazar\/?s={search_term_string}"},"query-input":{"@type":"PropertyValueSpecification","valueRequired":true,"valueName":"search_term_string"}}],"inLanguage":"cs"}]}},"_links":{"self":[{"href":"https:\/\/www.letemsvetemapplem.eu\/bazar\/wp-json\/wp\/v2\/pages\/158","targetHints":{"allow":["GET"]}}],"collection":[{"href":"https:\/\/www.letemsvetemapplem.eu\/bazar\/wp-json\/wp\/v2\/pages"}],"about":[{"href":"https:\/\/www.letemsvetemapplem.eu\/bazar\/wp-json\/wp\/v2\/types\/page"}],"author":[{"embeddable":true,"href":"https:\/\/www.letemsvetemapplem.eu\/bazar\/wp-json\/wp\/v2\/users\/1"}],"replies":[{"embeddable":true,"href":"https:\/\/www.letemsvetemapplem.eu\/bazar\/wp-json\/wp\/v2\/comments?post=158"}],"version-history":[{"count":0,"href":"https:\/\/www.letemsvetemapplem.eu\/bazar\/wp-json\/wp\/v2\/pages\/158\/revisions"}],"wp:attachment":[{"href":"https:\/\/www.letemsvetemapplem.eu\/bazar\/wp-json\/wp\/v2\/media?parent=158"}],"curies":[{"name":"wp","href":"https:\/\/api.w.org\/{rel}","templated":true}]}}